{"id":8,"date":"2020-04-22T19:10:29","date_gmt":"2020-04-22T17:10:29","guid":{"rendered":"http:\/\/eccade.fr\/?page_id=8"},"modified":"2023-03-17T16:14:36","modified_gmt":"2023-03-17T15:14:36","slug":"contact","status":"publish","type":"page","link":"https:\/\/eccade.fr\/?page_id=8","title":{"rendered":"Contact"},"content":{"rendered":"\n<figure class=\"wp-block-image size-full\"><img loading=\"lazy\" decoding=\"async\" width=\"450\" height=\"360\" src=\"https:\/\/eccade.fr\/wp-content\/uploads\/2023\/03\/standardiste.jpg\" alt=\"\" class=\"wp-image-914\" srcset=\"https:\/\/eccade.fr\/wp-content\/uploads\/2023\/03\/standardiste.jpg 450w, https:\/\/eccade.fr\/wp-content\/uploads\/2023\/03\/standardiste-300x240.jpg 300w\" sizes=\"auto, (max-width: 450px) 100vw, 450px\" \/><\/figure>\n\n\n\n<p>Lors des prestations, utilisez le num\u00e9ro 24\/7 qui vous a \u00e9t\u00e9 attribu\u00e9<\/p>\n\n\n\n<h1 class=\"has-huge-font-size wp-block-heading\"><strong>ECCADE<\/strong><\/h1>\n\n\n\n<p class=\"has-medium-font-size\">5 rue de la Moder<br>67500 HAGUENAU (France)<\/p>\n\n\n\n<p class=\"has-medium-font-size\">Accueil t\u00e9l\u00e9phonique <br>Du lundi au Vendredi<br>de 10h \u00e0 12h et de 14h00 \u00e0 18h<\/p>\n\n\n\n<figure class=\"wp-block-image size-large\"><img loading=\"lazy\" decoding=\"async\" width=\"446\" height=\"391\" src=\"https:\/\/eccade.fr\/wp-content\/uploads\/2021\/03\/eccade-contact.gif\" alt=\"\" class=\"wp-image-427\"\/><\/figure>\n","protected":false},"excerpt":{"rendered":"<p>Lors des prestations, utilisez le num\u00e9ro 24\/7 qui vous a \u00e9t\u00e9 attribu\u00e9 ECCADE 5 rue de la Moder67500 HAGUENAU (France) Accueil t\u00e9l\u00e9phonique Du lundi au Vendredide 10h \u00e0 12h et de 14h00 \u00e0 18h<\/p>\n","protected":false},"author":1,"featured_media":0,"parent":0,"menu_order":0,"comment_status":"closed","ping_status":"closed","template":"","meta":{"footnotes":""},"class_list":["post-8","page","type-page","status-publish","hentry"],"_links":{"self":[{"href":"https:\/\/eccade.fr\/index.php?rest_route=\/wp\/v2\/pages\/8","targetHints":{"allow":["GET"]}}],"collection":[{"href":"https:\/\/eccade.fr\/index.php?rest_route=\/wp\/v2\/pages"}],"about":[{"href":"https:\/\/eccade.fr\/index.php?rest_route=\/wp\/v2\/types\/page"}],"author":[{"embeddable":true,"href":"https:\/\/eccade.fr\/index.php?rest_route=\/wp\/v2\/users\/1"}],"replies":[{"embeddable":true,"href":"https:\/\/eccade.fr\/index.php?rest_route=%2Fwp%2Fv2%2Fcomments&post=8"}],"version-history":[{"count":6,"href":"https:\/\/eccade.fr\/index.php?rest_route=\/wp\/v2\/pages\/8\/revisions"}],"predecessor-version":[{"id":916,"href":"https:\/\/eccade.fr\/index.php?rest_route=\/wp\/v2\/pages\/8\/revisions\/916"}],"wp:attachment":[{"href":"https:\/\/eccade.fr\/index.php?rest_route=%2Fwp%2Fv2%2Fmedia&parent=8"}],"curies":[{"name":"wp","href":"https:\/\/api.w.org\/{rel}","templated":true}]}}