{"id":785,"date":"2022-03-25T18:19:09","date_gmt":"2022-03-25T17:19:09","guid":{"rendered":"https:\/\/eccade.fr\/?page_id=785"},"modified":"2023-03-17T17:46:17","modified_gmt":"2023-03-17T16:46:17","slug":"mentions-legales","status":"publish","type":"page","link":"https:\/\/eccade.fr\/?page_id=785","title":{"rendered":"Mentions l\u00e9gales"},"content":{"rendered":"\n<p>Le site Eccade.fr est la propri\u00e9t\u00e9 de la SAS ECCADE qui en assure l\u2019administration et le d\u00e9veloppement . Les marques, logos, signes, ainsi que tous les contenus du site (textes, images, son\u2026) sont la propri\u00e9t\u00e9 d&rsquo;ECCADE et font l\u2019objet d\u2019une protection par le Code de la propri\u00e9t\u00e9 intellectuelle et plus particuli\u00e8rement par le droit d\u2019auteur.<\/p>\n\n\n\n<p>Son utilisation est d\u00e9finie dans la rubrique \u00ab\u00a0conditions g\u00e9n\u00e9rales d&rsquo;utilisation (CGU)\u00a0\u00bb<\/p>\n\n\n\n<p>ECCADE &#8211; 5 rue de la Moder &#8211; 67500 HAGUENAU FRANCE<\/p>\n\n\n\n<p>\u2013 H\u00e9bergement : OVH \u2013 2 rue Kellermann 59100 ROUBAIX<br>\u2013 CMS : WordPress.com \/ \u2013 Cr\u00e9dits photos : ECCADE, 123RF, Pixabay<\/p>\n","protected":false},"excerpt":{"rendered":"<p>Le site Eccade.fr est la propri\u00e9t\u00e9 de la SAS ECCADE qui en assure l\u2019administration et le d\u00e9veloppement . Les marques, logos, signes, ainsi que tous les contenus du site (textes, images, son\u2026) sont la propri\u00e9t\u00e9 d&rsquo;ECCADE et font l\u2019objet d\u2019une protection par le Code de la propri\u00e9t\u00e9 intellectuelle et plus particuli\u00e8rement par le droit d\u2019auteur. &hellip; <\/p>\n<p class=\"link-more\"><a href=\"https:\/\/eccade.fr\/?page_id=785\" class=\"more-link\">Continuer la lecture<span class=\"screen-reader-text\"> de &laquo;&nbsp;Mentions l\u00e9gales&nbsp;&raquo;<\/span><\/a><\/p>\n","protected":false},"author":1,"featured_media":0,"parent":0,"menu_order":0,"comment_status":"closed","ping_status":"closed","template":"","meta":{"footnotes":""},"class_list":["post-785","page","type-page","status-publish","hentry"],"_links":{"self":[{"href":"https:\/\/eccade.fr\/index.php?rest_route=\/wp\/v2\/pages\/785","targetHints":{"allow":["GET"]}}],"collection":[{"href":"https:\/\/eccade.fr\/index.php?rest_route=\/wp\/v2\/pages"}],"about":[{"href":"https:\/\/eccade.fr\/index.php?rest_route=\/wp\/v2\/types\/page"}],"author":[{"embeddable":true,"href":"https:\/\/eccade.fr\/index.php?rest_route=\/wp\/v2\/users\/1"}],"replies":[{"embeddable":true,"href":"https:\/\/eccade.fr\/index.php?rest_route=%2Fwp%2Fv2%2Fcomments&post=785"}],"version-history":[{"count":4,"href":"https:\/\/eccade.fr\/index.php?rest_route=\/wp\/v2\/pages\/785\/revisions"}],"predecessor-version":[{"id":929,"href":"https:\/\/eccade.fr\/index.php?rest_route=\/wp\/v2\/pages\/785\/revisions\/929"}],"wp:attachment":[{"href":"https:\/\/eccade.fr\/index.php?rest_route=%2Fwp%2Fv2%2Fmedia&parent=785"}],"curies":[{"name":"wp","href":"https:\/\/api.w.org\/{rel}","templated":true}]}}