{"id":6,"date":"2020-04-22T19:10:29","date_gmt":"2020-04-22T17:10:29","guid":{"rendered":"http:\/\/eccade.fr\/?page_id=6"},"modified":"2023-03-18T11:38:05","modified_gmt":"2023-03-18T10:38:05","slug":"le-nouveau-e-mucem-ouvre-ses-portes-2","status":"publish","type":"page","link":"https:\/\/eccade.fr\/","title":{"rendered":"Accueil"},"content":{"rendered":"<div class=\"wp-block-image\">\n<figure class=\"aligncenter size-full\"><img loading=\"lazy\" decoding=\"async\" width=\"442\" height=\"330\" src=\"https:\/\/eccade.fr\/wp-content\/uploads\/2023\/03\/Eccade-clap1.gif\" alt=\"\" class=\"wp-image-881\"\/><\/figure>\n<\/div>\n\n\n<figure class=\"wp-block-image size-full\"><img loading=\"lazy\" decoding=\"async\" width=\"755\" height=\"145\" src=\"https:\/\/eccade.fr\/wp-content\/uploads\/2023\/03\/ECCADE-PELLICULE.gif\" alt=\"\" class=\"wp-image-885\"\/><\/figure>\n\n\n\n<div style=\"height:33px\" aria-hidden=\"true\" class=\"wp-block-spacer\"><\/div>\n\n\n\n<div class=\"wp-block-group\"><div class=\"wp-block-group__inner-container is-layout-flow wp-block-group-is-layout-flow\">\n<h1 class=\"has-normal-font-size wp-block-heading\"><strong>ECCADE<br><\/strong><\/h1>\n\n\n\n<h2 class=\"has-normal-font-size wp-block-heading\">Conception et r\u00e9alisation de <strong>Live Games<\/strong>, des sc\u00e9narios pour vivre des situations ou des aventures exceptionnelles <strong>en r\u00e9el<\/strong>! <\/h2>\n\n\n\n<h2 class=\"has-normal-font-size wp-block-heading\">Passez du r\u00eave \u00e0 la r\u00e9alit\u00e9 en choisissant votre th\u00e8me et le niveau souhait\u00e9.<\/h2>\n\n\n\n<h2 class=\"has-text-align-center has-vivid-cyan-blue-color has-text-color has-normal-font-size wp-block-heading\"><strong>DETENTE   AVENTURE   ADRENALINE<\/strong><br>Nos prestations s&rsquo;adaptent \u00e0 toutes les situations<br><\/h2>\n<\/div><\/div>\n\n\n\n<ul class=\"wp-block-list\"><\/ul>\n\n\n\n<div class=\"wp-block-group alignwide\"><div class=\"wp-block-group__inner-container is-layout-flow wp-block-group-is-layout-flow\">\n<div class=\"wp-block-group alignwide\"><div class=\"wp-block-group__inner-container is-layout-constrained wp-block-group-is-layout-constrained\">\n<div class=\"wp-block-media-text alignwide has-media-on-the-right is-stacked-on-mobile\"><div class=\"wp-block-media-text__content\">\n<ul class=\"wp-block-list\">\n<li>Loisirs \/ sorties<\/li>\n\n\n\n<li>Anniversaires \/ surprises<\/li>\n\n\n\n<li>Enterrements vie JF \/ G<\/li>\n\n\n\n<li>Team building    etc&#8230;<\/li>\n<\/ul>\n\n\n\n<div class=\"wp-block-group\"><div class=\"wp-block-group__inner-container is-layout-constrained wp-block-group-is-layout-constrained\">\n<ul class=\"wp-block-list\">\n<li>En <strong>individuel<\/strong>, <strong>couple<\/strong> ou <strong>groupe<\/strong><\/li>\n\n\n\n<li>De <strong>1<\/strong> <strong>heure<\/strong> \u00e0 <strong>plusieurs jours<\/strong><\/li>\n\n\n\n<li><strong>Pack<\/strong> ou conception<strong> sur mesure<\/strong><\/li>\n\n\n\n<li>Secteur <strong>priv\u00e9 &amp; professionnel<\/strong><\/li>\n<\/ul>\n<\/div><\/div>\n<\/div><figure class=\"wp-block-media-text__media\"><img loading=\"lazy\" decoding=\"async\" width=\"676\" height=\"452\" src=\"https:\/\/eccade.fr\/wp-content\/uploads\/2023\/03\/gens-heureux.png\" alt=\"\" class=\"wp-image-896 size-full\" srcset=\"https:\/\/eccade.fr\/wp-content\/uploads\/2023\/03\/gens-heureux.png 676w, https:\/\/eccade.fr\/wp-content\/uploads\/2023\/03\/gens-heureux-300x201.png 300w\" sizes=\"auto, (max-width: 676px) 100vw, 676px\" \/><\/figure><\/div>\n<\/div><\/div>\n<\/div><\/div>\n\n\n\n<div style=\"height:13px\" aria-hidden=\"true\" class=\"wp-block-spacer\"><\/div>\n\n\n\n<h2 class=\"has-text-align-center wp-block-heading\"><em><span class=\"has-inline-color has-vivid-cyan-blue-color\"><strong>Don&rsquo;t dream it,  Play it ! <\/strong><\/span><\/em><\/h2>\n\n\n<div class=\"wp-block-image\">\n<figure class=\"aligncenter size-large is-resized\"><img loading=\"lazy\" decoding=\"async\" src=\"https:\/\/eccade.fr\/wp-content\/uploads\/2021\/03\/play.gif\" alt=\"\" class=\"wp-image-214\" width=\"184\" height=\"178\"\/><\/figure>\n<\/div>\n\n\n<div class=\"wp-block-group\"><div class=\"wp-block-group__inner-container is-layout-flow wp-block-group-is-layout-flow\">\n<div class=\"wp-block-columns is-layout-flex wp-container-core-columns-is-layout-9d6595d7 wp-block-columns-is-layout-flex\">\n<div class=\"wp-block-column is-layout-flow wp-block-column-is-layout-flow\" style=\"flex-basis:100%\">\n<div class=\"wp-block-columns alignwide is-layout-flex wp-container-core-columns-is-layout-9d6595d7 wp-block-columns-is-layout-flex\">\n<div class=\"wp-block-column is-layout-flow wp-block-column-is-layout-flow\">\n<div class=\"wp-block-group\"><div class=\"wp-block-group__inner-container is-layout-flow wp-block-group-is-layout-flow\">\n<p><\/p>\n<\/div><\/div>\n\n\n\n<div class=\"wp-block-group\"><div class=\"wp-block-group__inner-container is-layout-flow wp-block-group-is-layout-flow\"><div class=\"wp-block-image\">\n<figure class=\"alignleft size-large\"><a href=\"https:\/\/eccade.fr\/?page_id=382\"><img loading=\"lazy\" decoding=\"async\" width=\"350\" height=\"232\" src=\"https:\/\/eccade.fr\/wp-content\/uploads\/2021\/03\/Eccade-life-games.gif\" alt=\"\" class=\"wp-image-351\"\/><\/a><figcaption class=\"wp-element-caption\">ECCADE <strong>Reality Games<\/strong><br>Programmez votre identit\u00e9<br>et une aventure \u00e0 vivre en r\u00e9el<\/figcaption><\/figure>\n<\/div><\/div><\/div>\n\n\n<div class=\"wp-block-image\">\n<figure class=\"alignleft size-large\"><a href=\"https:\/\/eccade.fr\/?page_id=378\"><img loading=\"lazy\" decoding=\"async\" width=\"350\" height=\"232\" src=\"https:\/\/eccade.fr\/wp-content\/uploads\/2021\/03\/Eccade-Reality-games.gif\" alt=\"\" class=\"wp-image-354\"\/><\/a><figcaption class=\"wp-element-caption\">ECCADE <strong>Life Games<\/strong><br>S\u00e9lectionnez le niveau  et les options<br>Votre vie va changer au quotidien &#8230;<\/figcaption><\/figure>\n<\/div><\/div>\n\n\n\n<div class=\"wp-block-column is-layout-flow wp-block-column-is-layout-flow\">\n<div class=\"wp-block-group\"><div class=\"wp-block-group__inner-container is-layout-flow wp-block-group-is-layout-flow\">\n<p><\/p>\n\n\n<div class=\"wp-block-image\">\n<figure class=\"alignleft size-large is-resized\"><a href=\"https:\/\/eccade.fr\/?page_id=385\"><img loading=\"lazy\" decoding=\"async\" src=\"https:\/\/eccade.fr\/wp-content\/uploads\/2021\/03\/Eccade-Tactical-games.gif\" alt=\"\" class=\"wp-image-352\" width=\"306\" height=\"202\"\/><\/a><figcaption class=\"wp-element-caption\">ECCADE <strong>Tactical Games<\/strong><br>Choisissez votre mission<br>et partez sur le terrain <\/figcaption><\/figure>\n<\/div><\/div><\/div>\n\n\n\n<div class=\"wp-block-group\"><div class=\"wp-block-group__inner-container is-layout-flow wp-block-group-is-layout-flow\">\n<div style=\"height:18px\" aria-hidden=\"true\" class=\"wp-block-spacer\"><\/div>\n<\/div><\/div>\n<\/div>\n<\/div>\n\n\n\n<hr class=\"wp-block-separator has-alpha-channel-opacity\"\/>\n<\/div>\n<\/div>\n<\/div><\/div>\n\n\n<div class=\"wp-block-image is-style-rounded\">\n<figure class=\"aligncenter size-large is-resized\"><img loading=\"lazy\" decoding=\"async\" src=\"https:\/\/eccade.fr\/wp-content\/uploads\/2021\/03\/Eccade-reves.png\" alt=\"\" class=\"wp-image-341\" width=\"256\" height=\"118\" srcset=\"https:\/\/eccade.fr\/wp-content\/uploads\/2021\/03\/Eccade-reves.png 448w, https:\/\/eccade.fr\/wp-content\/uploads\/2021\/03\/Eccade-reves-300x138.png 300w\" sizes=\"auto, (max-width: 256px) 100vw, 256px\" \/><figcaption class=\"wp-element-caption\">Vos r\u00eaves sont \u00e0 port\u00e9e de clic !<\/figcaption><\/figure>\n<\/div>\n\n<div class=\"wp-block-image\">\n<figure class=\"aligncenter size-large is-resized\"><img loading=\"lazy\" decoding=\"async\" src=\"https:\/\/eccade.fr\/wp-content\/uploads\/2021\/03\/Eccade-caddeau.gif\" alt=\"\" class=\"wp-image-342\" width=\"89\" height=\"100\"\/><figcaption class=\"wp-element-caption\">Disponible en bon \/ ch\u00e8que cadeau<\/figcaption><\/figure>\n<\/div>\n\n\n<div class=\"wp-block-buttons is-horizontal is-content-justification-center is-layout-flex wp-container-core-buttons-is-layout-499968f5 wp-block-buttons-is-layout-flex\">\n<div class=\"wp-block-button is-style-fill\"><a class=\"wp-block-button__link has-vivid-cyan-blue-background-color has-background wp-element-button\" href=\"https:\/\/eccade.fr\/?page_id=8\">Nous contacter<\/a><\/div>\n<\/div>\n\n\n\n<p><\/p>\n","protected":false},"excerpt":{"rendered":"<p>ECCADE Conception et r\u00e9alisation de Live Games, des sc\u00e9narios pour vivre des situations ou des aventures exceptionnelles en r\u00e9el! Passez du r\u00eave \u00e0 la r\u00e9alit\u00e9 en choisissant votre th\u00e8me et le niveau souhait\u00e9. DETENTE AVENTURE ADRENALINENos prestations s&rsquo;adaptent \u00e0 toutes les situations Don&rsquo;t dream it, Play it !<\/p>\n","protected":false},"author":1,"featured_media":0,"parent":0,"menu_order":0,"comment_status":"closed","ping_status":"closed","template":"","meta":{"footnotes":""},"class_list":["post-6","page","type-page","status-publish","hentry"],"_links":{"self":[{"href":"https:\/\/eccade.fr\/index.php?rest_route=\/wp\/v2\/pages\/6","targetHints":{"allow":["GET"]}}],"collection":[{"href":"https:\/\/eccade.fr\/index.php?rest_route=\/wp\/v2\/pages"}],"about":[{"href":"https:\/\/eccade.fr\/index.php?rest_route=\/wp\/v2\/types\/page"}],"author":[{"embeddable":true,"href":"https:\/\/eccade.fr\/index.php?rest_route=\/wp\/v2\/users\/1"}],"replies":[{"embeddable":true,"href":"https:\/\/eccade.fr\/index.php?rest_route=%2Fwp%2Fv2%2Fcomments&post=6"}],"version-history":[{"count":337,"href":"https:\/\/eccade.fr\/index.php?rest_route=\/wp\/v2\/pages\/6\/revisions"}],"predecessor-version":[{"id":947,"href":"https:\/\/eccade.fr\/index.php?rest_route=\/wp\/v2\/pages\/6\/revisions\/947"}],"wp:attachment":[{"href":"https:\/\/eccade.fr\/index.php?rest_route=%2Fwp%2Fv2%2Fmedia&parent=6"}],"curies":[{"name":"wp","href":"https:\/\/api.w.org\/{rel}","templated":true}]}}