{"id":382,"date":"2021-03-20T10:52:26","date_gmt":"2021-03-20T09:52:26","guid":{"rendered":"https:\/\/eccade.fr\/?page_id=382"},"modified":"2023-03-17T16:03:13","modified_gmt":"2023-03-17T15:03:13","slug":"eccade-reality-games","status":"publish","type":"page","link":"https:\/\/eccade.fr\/?page_id=382","title":{"rendered":"ECCADE Reality Games"},"content":{"rendered":"<div class=\"wp-block-image\">\n<figure class=\"aligncenter size-full\"><img loading=\"lazy\" decoding=\"async\" width=\"500\" height=\"332\" src=\"https:\/\/eccade.fr\/wp-content\/uploads\/2022\/03\/ECCADE-RG.gif\" alt=\"\" class=\"wp-image-656\"\/><figcaption class=\"wp-element-caption\">Des aventures en live<\/figcaption><\/figure>\n<\/div>\n\n\n<h1 class=\"wp-block-heading\">SCENARIOS &#8211; JEUX DE R\u00d4LES<\/h1>\n\n\n\n<p><\/p>\n\n\n\n<p>Vivez  des situations exceptionnelles ou des aventures r\u00e9elles au cours desquelles vous devrez faire face \u00e0 de nombreux rebondissements.<br><br>Nous reproduisons les sc\u00e8nes de vos films pr\u00e9f\u00e9r\u00e9s ou concevons sur mesure un sc\u00e9nario en y int\u00e9grant les situations ou les exp\u00e9riences souhait\u00e9es.  <\/p>\n\n\n\n<p>Quelques exemples de sc\u00e9narios : <\/p>\n\n\n<div class=\"wp-block-image\">\n<figure class=\"alignleft size-full\"><img loading=\"lazy\" decoding=\"async\" width=\"250\" height=\"149\" src=\"https:\/\/eccade.fr\/wp-content\/uploads\/2022\/03\/ECCADE-GAMES-1.gif\" alt=\"\" class=\"wp-image-592\"\/><figcaption class=\"wp-element-caption\">Braquage<\/figcaption><\/figure>\n<\/div>\n\n<div class=\"wp-block-image\">\n<figure class=\"alignleft size-full\"><img loading=\"lazy\" decoding=\"async\" width=\"250\" height=\"149\" src=\"https:\/\/eccade.fr\/wp-content\/uploads\/2022\/03\/ECCADE-GAMES-3.gif\" alt=\"\" class=\"wp-image-595\"\/><figcaption class=\"wp-element-caption\">Evasion<\/figcaption><\/figure>\n<\/div>\n\n<div class=\"wp-block-image\">\n<figure class=\"alignleft size-full\"><img loading=\"lazy\" decoding=\"async\" width=\"250\" height=\"149\" src=\"https:\/\/eccade.fr\/wp-content\/uploads\/2022\/03\/ECCADE-GAMES-5.gif\" alt=\"\" class=\"wp-image-597\"\/><figcaption class=\"wp-element-caption\">Enl\u00e8vements<\/figcaption><\/figure>\n<\/div>\n\n<div class=\"wp-block-image\">\n<figure class=\"alignleft size-full\"><img loading=\"lazy\" decoding=\"async\" width=\"250\" height=\"149\" src=\"https:\/\/eccade.fr\/wp-content\/uploads\/2022\/03\/ECCADE-GAMES-6.gif\" alt=\"\" class=\"wp-image-598\"\/><figcaption class=\"wp-element-caption\">Enqu\u00eates criminelles<\/figcaption><\/figure>\n<\/div>\n\n<div class=\"wp-block-image\">\n<figure class=\"alignleft size-full\"><img loading=\"lazy\" decoding=\"async\" width=\"250\" height=\"149\" src=\"https:\/\/eccade.fr\/wp-content\/uploads\/2022\/03\/ECCADE-GAMES-4.gif\" alt=\"\" class=\"wp-image-596\"\/><figcaption class=\"wp-element-caption\">Chasse au tr\u00e9sor<\/figcaption><\/figure>\n<\/div>\n\n<div class=\"wp-block-image\">\n<figure class=\"alignleft size-full\"><img loading=\"lazy\" decoding=\"async\" width=\"250\" height=\"149\" src=\"https:\/\/eccade.fr\/wp-content\/uploads\/2022\/03\/ECCADE-GAMES2.gif\" alt=\"\" class=\"wp-image-594\"\/><figcaption class=\"wp-element-caption\">Sc\u00e8nes VIP<\/figcaption><\/figure>\n<\/div>","protected":false},"excerpt":{"rendered":"<p>SCENARIOS &#8211; JEUX DE R\u00d4LES Vivez des situations exceptionnelles ou des aventures r\u00e9elles au cours desquelles vous devrez faire face \u00e0 de nombreux rebondissements. Nous reproduisons les sc\u00e8nes de vos films pr\u00e9f\u00e9r\u00e9s ou concevons sur mesure un sc\u00e9nario en y int\u00e9grant les situations ou les exp\u00e9riences souhait\u00e9es. Quelques exemples de sc\u00e9narios :<\/p>\n","protected":false},"author":1,"featured_media":0,"parent":0,"menu_order":0,"comment_status":"closed","ping_status":"closed","template":"","meta":{"footnotes":""},"class_list":["post-382","page","type-page","status-publish","hentry"],"_links":{"self":[{"href":"https:\/\/eccade.fr\/index.php?rest_route=\/wp\/v2\/pages\/382","targetHints":{"allow":["GET"]}}],"collection":[{"href":"https:\/\/eccade.fr\/index.php?rest_route=\/wp\/v2\/pages"}],"about":[{"href":"https:\/\/eccade.fr\/index.php?rest_route=\/wp\/v2\/types\/page"}],"author":[{"embeddable":true,"href":"https:\/\/eccade.fr\/index.php?rest_route=\/wp\/v2\/users\/1"}],"replies":[{"embeddable":true,"href":"https:\/\/eccade.fr\/index.php?rest_route=%2Fwp%2Fv2%2Fcomments&post=382"}],"version-history":[{"count":19,"href":"https:\/\/eccade.fr\/index.php?rest_route=\/wp\/v2\/pages\/382\/revisions"}],"predecessor-version":[{"id":910,"href":"https:\/\/eccade.fr\/index.php?rest_route=\/wp\/v2\/pages\/382\/revisions\/910"}],"wp:attachment":[{"href":"https:\/\/eccade.fr\/index.php?rest_route=%2Fwp%2Fv2%2Fmedia&parent=382"}],"curies":[{"name":"wp","href":"https:\/\/api.w.org\/{rel}","templated":true}]}}