{"id":378,"date":"2021-03-20T10:50:14","date_gmt":"2021-03-20T09:50:14","guid":{"rendered":"https:\/\/eccade.fr\/?page_id=378"},"modified":"2023-03-17T16:06:42","modified_gmt":"2023-03-17T15:06:42","slug":"eccade-life-games","status":"publish","type":"page","link":"https:\/\/eccade.fr\/?page_id=378","title":{"rendered":"ECCADE Life Games"},"content":{"rendered":"\n<figure class=\"wp-block-image size-full\"><img loading=\"lazy\" decoding=\"async\" width=\"500\" height=\"280\" src=\"https:\/\/eccade.fr\/wp-content\/uploads\/2022\/03\/ECCADE-LIFE-GAMES.gif\" alt=\"\" class=\"wp-image-661\"\/><figcaption class=\"wp-element-caption\">Life control center<br><br><\/figcaption><\/figure>\n\n\n\n<h1 class=\"wp-block-heading\">VOTRE VIE VA CHANGER ! <\/h1>\n\n\n\n<p><\/p>\n\n\n\n<p>Vous d\u00e9finissez le niveau, les options et la dur\u00e9e du Game qui se d\u00e9roulera dans votre vie r\u00e9elle, sans savoir ce qui va se passer, ni o\u00f9, ni quand ! Vous devrez enqu\u00eater pour comprendre ce qui ce passe en faisant face \u00e0 des situation incroyables ! <\/p>\n\n\n\n<p>Tout peut arriver, \u00eates vous vraiment pr\u00eat ?<\/p>\n\n\n<div class=\"wp-block-image\">\n<figure class=\"alignleft size-full\"><img loading=\"lazy\" decoding=\"async\" width=\"150\" height=\"100\" src=\"https:\/\/eccade.fr\/wp-content\/uploads\/2022\/03\/2.gif\" alt=\"\" class=\"wp-image-684\"\/><\/figure>\n<\/div>\n\n<div class=\"wp-block-image\">\n<figure class=\"alignleft size-full\"><img loading=\"lazy\" decoding=\"async\" width=\"150\" height=\"100\" src=\"https:\/\/eccade.fr\/wp-content\/uploads\/2022\/03\/23.gif\" alt=\"\" class=\"wp-image-703\"\/><\/figure>\n<\/div>\n\n<div class=\"wp-block-image\">\n<figure class=\"alignleft size-full\"><img loading=\"lazy\" decoding=\"async\" width=\"150\" height=\"100\" src=\"https:\/\/eccade.fr\/wp-content\/uploads\/2022\/03\/7.gif\" alt=\"\" class=\"wp-image-689\"\/><\/figure>\n<\/div>\n\n<div class=\"wp-block-image\">\n<figure class=\"alignleft size-full\"><img loading=\"lazy\" decoding=\"async\" width=\"150\" height=\"100\" src=\"https:\/\/eccade.fr\/wp-content\/uploads\/2022\/03\/24.gif\" alt=\"\" class=\"wp-image-707\"\/><\/figure>\n<\/div>\n\n<div class=\"wp-block-image\">\n<figure class=\"alignleft size-full\"><img loading=\"lazy\" decoding=\"async\" width=\"150\" height=\"100\" src=\"https:\/\/eccade.fr\/wp-content\/uploads\/2022\/03\/5.gif\" alt=\"\" class=\"wp-image-687\"\/><\/figure>\n<\/div>\n\n<div class=\"wp-block-image\">\n<figure class=\"alignleft size-full\"><img loading=\"lazy\" decoding=\"async\" width=\"150\" height=\"100\" src=\"https:\/\/eccade.fr\/wp-content\/uploads\/2022\/03\/6.gif\" alt=\"\" class=\"wp-image-688\"\/><\/figure>\n<\/div>\n\n<div class=\"wp-block-image\">\n<figure class=\"alignleft size-full\"><img loading=\"lazy\" decoding=\"async\" width=\"150\" height=\"100\" src=\"https:\/\/eccade.fr\/wp-content\/uploads\/2022\/03\/4.gif\" alt=\"\" class=\"wp-image-686\"\/><\/figure>\n<\/div>\n\n<div class=\"wp-block-image\">\n<figure class=\"alignleft size-full\"><img loading=\"lazy\" decoding=\"async\" width=\"150\" height=\"100\" src=\"https:\/\/eccade.fr\/wp-content\/uploads\/2022\/03\/12.gif\" alt=\"\" class=\"wp-image-693\"\/><\/figure>\n<\/div>\n\n<div class=\"wp-block-image\">\n<figure class=\"alignleft size-full\"><img loading=\"lazy\" decoding=\"async\" width=\"150\" height=\"100\" src=\"https:\/\/eccade.fr\/wp-content\/uploads\/2022\/03\/8.gif\" alt=\"\" class=\"wp-image-690\"\/><\/figure>\n<\/div>\n\n<div class=\"wp-block-image\">\n<figure class=\"alignleft size-full\"><img loading=\"lazy\" decoding=\"async\" width=\"150\" height=\"100\" src=\"https:\/\/eccade.fr\/wp-content\/uploads\/2022\/03\/9.gif\" alt=\"\" class=\"wp-image-691\"\/><\/figure>\n<\/div>\n\n<div class=\"wp-block-image\">\n<figure class=\"alignleft size-full\"><img loading=\"lazy\" decoding=\"async\" width=\"150\" height=\"100\" src=\"https:\/\/eccade.fr\/wp-content\/uploads\/2022\/03\/11.gif\" alt=\"\" class=\"wp-image-692\"\/><\/figure>\n<\/div>\n\n<div class=\"wp-block-image\">\n<figure class=\"alignleft size-full\"><img loading=\"lazy\" decoding=\"async\" width=\"150\" height=\"100\" src=\"https:\/\/eccade.fr\/wp-content\/uploads\/2022\/03\/13.gif\" alt=\"\" class=\"wp-image-694\"\/><\/figure>\n<\/div>\n\n<div class=\"wp-block-image\">\n<figure class=\"alignleft size-full\"><img loading=\"lazy\" decoding=\"async\" width=\"150\" height=\"100\" src=\"https:\/\/eccade.fr\/wp-content\/uploads\/2022\/03\/15.gif\" alt=\"\" class=\"wp-image-696\"\/><\/figure>\n<\/div>\n\n<div class=\"wp-block-image\">\n<figure class=\"alignleft size-full\"><img loading=\"lazy\" decoding=\"async\" width=\"150\" height=\"100\" src=\"https:\/\/eccade.fr\/wp-content\/uploads\/2022\/03\/16.gif\" alt=\"\" class=\"wp-image-697\"\/><\/figure>\n<\/div>\n\n<div class=\"wp-block-image\">\n<figure class=\"alignleft size-full\"><img loading=\"lazy\" decoding=\"async\" width=\"150\" height=\"100\" src=\"https:\/\/eccade.fr\/wp-content\/uploads\/2022\/03\/18.gif\" alt=\"\" class=\"wp-image-699\"\/><\/figure>\n<\/div>\n\n<div class=\"wp-block-image\">\n<figure class=\"alignleft size-full\"><img loading=\"lazy\" decoding=\"async\" width=\"150\" height=\"100\" src=\"https:\/\/eccade.fr\/wp-content\/uploads\/2022\/03\/14.gif\" alt=\"\" class=\"wp-image-695\"\/><\/figure>\n<\/div>\n\n<div class=\"wp-block-image\">\n<figure class=\"alignleft size-full\"><img loading=\"lazy\" decoding=\"async\" width=\"150\" height=\"100\" src=\"https:\/\/eccade.fr\/wp-content\/uploads\/2022\/03\/17.gif\" alt=\"\" class=\"wp-image-698\"\/><\/figure>\n<\/div>\n\n<div class=\"wp-block-image\">\n<figure class=\"alignleft size-full\"><img loading=\"lazy\" decoding=\"async\" width=\"150\" height=\"100\" src=\"https:\/\/eccade.fr\/wp-content\/uploads\/2022\/03\/20.gif\" alt=\"\" class=\"wp-image-700\"\/><\/figure>\n<\/div>\n\n<div class=\"wp-block-image\">\n<figure class=\"alignleft size-full\"><img loading=\"lazy\" decoding=\"async\" width=\"150\" height=\"100\" src=\"https:\/\/eccade.fr\/wp-content\/uploads\/2022\/03\/21.gif\" alt=\"\" class=\"wp-image-701\"\/><\/figure>\n<\/div>\n\n<div class=\"wp-block-image\">\n<figure class=\"alignleft size-full\"><img loading=\"lazy\" decoding=\"async\" width=\"150\" height=\"100\" src=\"https:\/\/eccade.fr\/wp-content\/uploads\/2022\/03\/22.gif\" alt=\"\" class=\"wp-image-702\"\/><\/figure>\n<\/div>","protected":false},"excerpt":{"rendered":"<p>VOTRE VIE VA CHANGER ! Vous d\u00e9finissez le niveau, les options et la dur\u00e9e du Game qui se d\u00e9roulera dans votre vie r\u00e9elle, sans savoir ce qui va se passer, ni o\u00f9, ni quand ! Vous devrez enqu\u00eater pour comprendre ce qui ce passe en faisant face \u00e0 des situation incroyables ! Tout peut arriver, &hellip; <\/p>\n<p class=\"link-more\"><a href=\"https:\/\/eccade.fr\/?page_id=378\" class=\"more-link\">Continuer la lecture<span class=\"screen-reader-text\"> de &laquo;&nbsp;ECCADE Life Games&nbsp;&raquo;<\/span><\/a><\/p>\n","protected":false},"author":1,"featured_media":0,"parent":0,"menu_order":0,"comment_status":"closed","ping_status":"closed","template":"","meta":{"footnotes":""},"class_list":["post-378","page","type-page","status-publish","hentry"],"_links":{"self":[{"href":"https:\/\/eccade.fr\/index.php?rest_route=\/wp\/v2\/pages\/378","targetHints":{"allow":["GET"]}}],"collection":[{"href":"https:\/\/eccade.fr\/index.php?rest_route=\/wp\/v2\/pages"}],"about":[{"href":"https:\/\/eccade.fr\/index.php?rest_route=\/wp\/v2\/types\/page"}],"author":[{"embeddable":true,"href":"https:\/\/eccade.fr\/index.php?rest_route=\/wp\/v2\/users\/1"}],"replies":[{"embeddable":true,"href":"https:\/\/eccade.fr\/index.php?rest_route=%2Fwp%2Fv2%2Fcomments&post=378"}],"version-history":[{"count":20,"href":"https:\/\/eccade.fr\/index.php?rest_route=\/wp\/v2\/pages\/378\/revisions"}],"predecessor-version":[{"id":913,"href":"https:\/\/eccade.fr\/index.php?rest_route=\/wp\/v2\/pages\/378\/revisions\/913"}],"wp:attachment":[{"href":"https:\/\/eccade.fr\/index.php?rest_route=%2Fwp%2Fv2%2Fmedia&parent=378"}],"curies":[{"name":"wp","href":"https:\/\/api.w.org\/{rel}","templated":true}]}}